{"id":753,"date":"2023-06-16T14:13:54","date_gmt":"2023-06-16T17:13:54","guid":{"rendered":"https:\/\/integrityhhs.com\/?page_id=753"},"modified":"2023-06-16T14:14:53","modified_gmt":"2023-06-16T17:14:53","slug":"conditions-dutilisation","status":"publish","type":"page","link":"https:\/\/integrityhhs.com\/fr\/conditions-dutilisation\/","title":{"rendered":"Conditions d&rsquo;utilisation"},"content":{"rendered":"<div class=\"wpb-content-wrapper\"><p>[vc_row][vc_column][vc_column_text]<span style=\"font-weight: 400;\">EN ACC\u00c9DANT \u00c0 CE SITE WEB, VOUS ACCEPTEZ LES TERMES ET CONDITIONS \u00c9NONC\u00c9S DANS CET AVIS DE NON-RESPONSABILIT\u00c9. Si vous n&rsquo;\u00eates pas d&rsquo;accord avec les termes et conditions d\u00e9crits ici, vous devez imm\u00e9diatement cesser d&rsquo;utiliser ce site Web.<\/span><\/p>\n<p><span style=\"font-weight: 400;\">Nous nous r\u00e9servons le droit, \u00e0 notre discr\u00e9tion, de changer, modifier, ajouter ou supprimer des parties de cette clause de non-responsabilit\u00e9 \u00e0 tout moment. Veuillez v\u00e9rifier r\u00e9guli\u00e8rement cette clause de non-responsabilit\u00e9 pour les modifications. Votre utilisation continue de ce site Web apr\u00e8s la publication des modifications apport\u00e9es \u00e0 ces conditions signifie que vous acceptez ces modifications.<\/span><\/p>\n<p><span style=\"font-weight: 400;\">CE SITE WEB EST FOURNI \u00ab EN L&rsquo;\u00c9TAT \u00bb ET \u00ab SELON LA DISPONIBILIT\u00c9 \u00bb. NOUS N&rsquo;ACCEPTONS AUCUNE RESPONSABILIT\u00c9 QUELLE QU&rsquo;ELLE SOIT POUR VOTRE UTILISATION OU VOTRE ACC\u00c8S \u00c0 CE SITE WEB. Ce site Web ne repr\u00e9sente ni ne garantit que :<\/span><\/p>\n<p><span style=\"font-weight: 400;\">(a) l&rsquo;acc\u00e8s au site Web sera s\u00e9curis\u00e9, opportun, sans erreur ou virus, ou ininterrompu ;<\/span><\/p>\n<p><span style=\"font-weight: 400;\">(b) les communications vers ou depuis ce site Web seront s\u00e9curis\u00e9es ou exemptes d&rsquo;interception ;<\/span><\/p>\n<p><span style=\"font-weight: 400;\">(c) ce site Web et son contenu seront exacts, complets ou \u00e0 jour ; ou<\/span><\/p>\n<p><span style=\"font-weight: 400;\">(d) les erreurs, d\u00e9fauts et inexactitudes de ce site Web seront corrig\u00e9s.<\/span><\/p>\n<p><b>Clause de non-responsabilit\u00e9 :<\/b><\/p>\n<p><span style=\"font-weight: 400;\">CE SITE WEB ET SON FOURNISSEUR D&rsquo;H\u00c9BERGEMENT D\u00c9CLINENT EXPRESS\u00c9MENT TOUTE RESPONSABILIT\u00c9 POUR TOUS DOMMAGES ET PERTES (DIRECTS OU INDIRECTS, ACCESSOIRES, SP\u00c9CIAUX, CONS\u00c9CUTIFS, PUNITIFS OU AUTRES) R\u00c9SULTANT DE OU LI\u00c9S DE QUELQUE MANI\u00c8RE \u00c0 VOTRE UTILISATION OU \u00c0 VOTRE ACC\u00c8S \u00c0 CE SITE WEB OU \u00c0 SON CONTENU ( Y COMPRIS LES LIENS HYPERTEXTES FOURNIS SUR CE SITE WEB), Y COMPRIS, SANS S&rsquo;Y LIMITER, LES DOMMAGES \u00c0 TOUT ORDINATEUR, APPLICATION LOGICIELLE OU DONN\u00c9ES PAR TOUT VIRUS QUI POURRAIT \u00caTRE TRANSMIS OU ACTIV\u00c9 VIA CE SITE WEB OU PAR L&rsquo;ACC\u00c8S \u00c0 CE SITE WEB, TOUTE VIOLATION DU COPYRIGHT OU AUTRE PROPRI\u00c9T\u00c9 INTELLECTUELLE DROITE. Il est de votre seule responsabilit\u00e9 de prendre des pr\u00e9cautions pour vous assurer que tout ce que vous acc\u00e9dez ou t\u00e9l\u00e9chargez sur Internet est exempt d&rsquo;\u00e9l\u00e9ments tels que virus, vers, chevaux de Troie et autres \u00e9l\u00e9ments de nature destructrice. Vous \u00eates averti d&rsquo;installer et d&rsquo;utiliser un antivirus ou un autre logiciel de protection appropri\u00e9.<\/span><\/p>\n<p><span style=\"font-weight: 400;\">Toute reproduction ou stockage non autoris\u00e9 est strictement interdit.<\/span>[\/vc_column_text][\/vc_column][\/vc_row]<\/p>\n<\/div>","protected":false},"excerpt":{"rendered":"<p>[vc_row][vc_column][vc_column_text]EN ACC\u00c9DANT \u00c0 CE SITE WEB, VOUS ACCEPTEZ LES TERMES ET CONDITIONS \u00c9NONC\u00c9S DANS CET AVIS DE NON-RESPONSABILIT\u00c9. Si vous n&rsquo;\u00eates pas d&rsquo;accord avec les termes et conditions d\u00e9crits ici, vous devez imm\u00e9diatement cesser d&rsquo;utiliser ce site Web. Nous nous r\u00e9servons le droit, \u00e0 notre discr\u00e9tion, de changer, modifier, ajouter ou supprimer des parties de&hellip;<\/p>\n","protected":false},"author":1,"featured_media":0,"parent":0,"menu_order":0,"comment_status":"closed","ping_status":"closed","template":"template-microsite.php","meta":{"_monsterinsights_skip_tracking":false,"_monsterinsights_sitenote_active":false,"_monsterinsights_sitenote_note":"","_monsterinsights_sitenote_category":0,"footnotes":""},"class_list":["post-753","page","type-page","status-publish","hentry","description-off"],"yoast_head":"<!-- This site is optimized with the Yoast SEO plugin v27.3 - https:\/\/yoast.com\/product\/yoast-seo-wordpress\/ -->\n<title>Conditions d&#039;utilisation - Integrity Home Health Services<\/title>\n<meta name=\"robots\" content=\"noindex, nofollow\" \/>\n<meta property=\"og:locale\" content=\"fr_FR\" \/>\n<meta property=\"og:type\" content=\"article\" \/>\n<meta property=\"og:title\" content=\"Conditions d&#039;utilisation - Integrity Home Health Services\" \/>\n<meta property=\"og:description\" content=\"[vc_row][vc_column][vc_column_text]EN ACC\u00c9DANT \u00c0 CE SITE WEB, VOUS ACCEPTEZ LES TERMES ET CONDITIONS \u00c9NONC\u00c9S DANS CET AVIS DE NON-RESPONSABILIT\u00c9. Si vous n&rsquo;\u00eates pas d&rsquo;accord avec les termes et conditions d\u00e9crits ici, vous devez imm\u00e9diatement cesser d&rsquo;utiliser ce site Web. Nous nous r\u00e9servons le droit, \u00e0 notre discr\u00e9tion, de changer, modifier, ajouter ou supprimer des parties de&hellip;\" \/>\n<meta property=\"og:url\" content=\"https:\/\/integrityhhs.com\/fr\/conditions-dutilisation\/\" \/>\n<meta property=\"og:site_name\" content=\"Integrity Home Health Services\" \/>\n<meta property=\"article:modified_time\" content=\"2023-06-16T17:14:53+00:00\" \/>\n<meta property=\"og:image\" content=\"https:\/\/integrityhhs.com\/wp-content\/uploads\/2019\/10\/Integrity-Facebook-Share.png\" \/>\n\t<meta property=\"og:image:width\" content=\"1920\" \/>\n\t<meta property=\"og:image:height\" content=\"1080\" \/>\n\t<meta property=\"og:image:type\" content=\"image\/png\" \/>\n<meta name=\"twitter:card\" content=\"summary_large_image\" \/>\n<meta name=\"twitter:label1\" content=\"Dur\u00e9e de lecture estim\u00e9e\" \/>\n\t<meta name=\"twitter:data1\" content=\"2 minutes\" \/>\n<script type=\"application\/ld+json\" class=\"yoast-schema-graph\">{\"@context\":\"https:\\\/\\\/schema.org\",\"@graph\":[{\"@type\":\"WebPage\",\"@id\":\"https:\\\/\\\/integrityhhs.com\\\/fr\\\/conditions-dutilisation\\\/\",\"url\":\"https:\\\/\\\/integrityhhs.com\\\/fr\\\/conditions-dutilisation\\\/\",\"name\":\"Conditions d'utilisation - Integrity Home Health Services\",\"isPartOf\":{\"@id\":\"https:\\\/\\\/integrityhhs.com\\\/#website\"},\"datePublished\":\"2023-06-16T17:13:54+00:00\",\"dateModified\":\"2023-06-16T17:14:53+00:00\",\"breadcrumb\":{\"@id\":\"https:\\\/\\\/integrityhhs.com\\\/fr\\\/conditions-dutilisation\\\/#breadcrumb\"},\"inLanguage\":\"fr-FR\",\"potentialAction\":[{\"@type\":\"ReadAction\",\"target\":[\"https:\\\/\\\/integrityhhs.com\\\/fr\\\/conditions-dutilisation\\\/\"]}]},{\"@type\":\"BreadcrumbList\",\"@id\":\"https:\\\/\\\/integrityhhs.com\\\/fr\\\/conditions-dutilisation\\\/#breadcrumb\",\"itemListElement\":[{\"@type\":\"ListItem\",\"position\":1,\"name\":\"Home\",\"item\":\"https:\\\/\\\/integrityhhs.com\\\/fr\\\/\"},{\"@type\":\"ListItem\",\"position\":2,\"name\":\"Conditions d&#8217;utilisation\"}]},{\"@type\":\"WebSite\",\"@id\":\"https:\\\/\\\/integrityhhs.com\\\/#website\",\"url\":\"https:\\\/\\\/integrityhhs.com\\\/\",\"name\":\"Integrity Home Health Services\",\"description\":\"Integrity is Everything\",\"potentialAction\":[{\"@type\":\"SearchAction\",\"target\":{\"@type\":\"EntryPoint\",\"urlTemplate\":\"https:\\\/\\\/integrityhhs.com\\\/?s={search_term_string}\"},\"query-input\":{\"@type\":\"PropertyValueSpecification\",\"valueRequired\":true,\"valueName\":\"search_term_string\"}}],\"inLanguage\":\"fr-FR\"}]}<\/script>\n<!-- \/ Yoast SEO plugin. -->","yoast_head_json":{"title":"Conditions d'utilisation - Integrity Home Health Services","robots":{"index":"noindex","follow":"nofollow"},"og_locale":"fr_FR","og_type":"article","og_title":"Conditions d'utilisation - Integrity Home Health Services","og_description":"[vc_row][vc_column][vc_column_text]EN ACC\u00c9DANT \u00c0 CE SITE WEB, VOUS ACCEPTEZ LES TERMES ET CONDITIONS \u00c9NONC\u00c9S DANS CET AVIS DE NON-RESPONSABILIT\u00c9. Si vous n&rsquo;\u00eates pas d&rsquo;accord avec les termes et conditions d\u00e9crits ici, vous devez imm\u00e9diatement cesser d&rsquo;utiliser ce site Web. Nous nous r\u00e9servons le droit, \u00e0 notre discr\u00e9tion, de changer, modifier, ajouter ou supprimer des parties de&hellip;","og_url":"https:\/\/integrityhhs.com\/fr\/conditions-dutilisation\/","og_site_name":"Integrity Home Health Services","article_modified_time":"2023-06-16T17:14:53+00:00","og_image":[{"width":1920,"height":1080,"url":"https:\/\/integrityhhs.com\/wp-content\/uploads\/2019\/10\/Integrity-Facebook-Share.png","type":"image\/png"}],"twitter_card":"summary_large_image","twitter_misc":{"Dur\u00e9e de lecture estim\u00e9e":"2 minutes"},"schema":{"@context":"https:\/\/schema.org","@graph":[{"@type":"WebPage","@id":"https:\/\/integrityhhs.com\/fr\/conditions-dutilisation\/","url":"https:\/\/integrityhhs.com\/fr\/conditions-dutilisation\/","name":"Conditions d'utilisation - Integrity Home Health Services","isPartOf":{"@id":"https:\/\/integrityhhs.com\/#website"},"datePublished":"2023-06-16T17:13:54+00:00","dateModified":"2023-06-16T17:14:53+00:00","breadcrumb":{"@id":"https:\/\/integrityhhs.com\/fr\/conditions-dutilisation\/#breadcrumb"},"inLanguage":"fr-FR","potentialAction":[{"@type":"ReadAction","target":["https:\/\/integrityhhs.com\/fr\/conditions-dutilisation\/"]}]},{"@type":"BreadcrumbList","@id":"https:\/\/integrityhhs.com\/fr\/conditions-dutilisation\/#breadcrumb","itemListElement":[{"@type":"ListItem","position":1,"name":"Home","item":"https:\/\/integrityhhs.com\/fr\/"},{"@type":"ListItem","position":2,"name":"Conditions d&#8217;utilisation"}]},{"@type":"WebSite","@id":"https:\/\/integrityhhs.com\/#website","url":"https:\/\/integrityhhs.com\/","name":"Integrity Home Health Services","description":"Integrity is Everything","potentialAction":[{"@type":"SearchAction","target":{"@type":"EntryPoint","urlTemplate":"https:\/\/integrityhhs.com\/?s={search_term_string}"},"query-input":{"@type":"PropertyValueSpecification","valueRequired":true,"valueName":"search_term_string"}}],"inLanguage":"fr-FR"}]}},"_links":{"self":[{"href":"https:\/\/integrityhhs.com\/fr\/wp-json\/wp\/v2\/pages\/753","targetHints":{"allow":["GET"]}}],"collection":[{"href":"https:\/\/integrityhhs.com\/fr\/wp-json\/wp\/v2\/pages"}],"about":[{"href":"https:\/\/integrityhhs.com\/fr\/wp-json\/wp\/v2\/types\/page"}],"author":[{"embeddable":true,"href":"https:\/\/integrityhhs.com\/fr\/wp-json\/wp\/v2\/users\/1"}],"replies":[{"embeddable":true,"href":"https:\/\/integrityhhs.com\/fr\/wp-json\/wp\/v2\/comments?post=753"}],"version-history":[{"count":1,"href":"https:\/\/integrityhhs.com\/fr\/wp-json\/wp\/v2\/pages\/753\/revisions"}],"predecessor-version":[{"id":754,"href":"https:\/\/integrityhhs.com\/fr\/wp-json\/wp\/v2\/pages\/753\/revisions\/754"}],"wp:attachment":[{"href":"https:\/\/integrityhhs.com\/fr\/wp-json\/wp\/v2\/media?parent=753"}],"curies":[{"name":"wp","href":"https:\/\/api.w.org\/{rel}","templated":true}]}}